{"id":2262,"date":"2024-07-22T08:09:23","date_gmt":"2024-07-22T06:09:23","guid":{"rendered":"https:\/\/timeshipping.it\/privacy-policy\/"},"modified":"2025-02-05T16:08:51","modified_gmt":"2025-02-05T16:08:51","slug":"privacy-policy","status":"publish","type":"page","link":"https:\/\/timeshipping.it\/en\/privacy-policy\/","title":{"rendered":"Privacy Policy"},"content":{"rendered":"\t\t<div data-elementor-type=\"wp-page\" data-elementor-id=\"2262\" class=\"elementor elementor-2262 elementor-3\" data-elementor-post-type=\"page\">\n\t\t\t\t<div class=\"elementor-element elementor-element-80a7910 e-flex e-con-boxed e-con e-parent\" data-id=\"80a7910\" data-element_type=\"container\" data-e-type=\"container\">\n\t\t\t\t\t<div class=\"e-con-inner\">\n\t\t\t\t<div class=\"elementor-element elementor-element-2baaa72a elementor-widget elementor-widget-text-editor\" data-id=\"2baaa72a\" data-element_type=\"widget\" data-e-type=\"widget\" data-widget_type=\"text-editor.default\">\n\t\t\t\t<div class=\"elementor-widget-container\">\n\t\t\t\t\t\t\t\t\t\n<p><strong>PRIVACY POLICY E INFORMAZIONI LEGALI<\/strong><\/p>\n<p>In questa pagina vengono descritte le modalit\u00e0 di trattamento dei dati personali degli utenti che consultano il sito Time Shipping S.r.l. che risponde all\u2019URL <strong>www.timeshipping.it<\/strong><\/p>\n<p>La presente privacy policy \u00e8 conforme a quanto stabilito dalla normativa nazionale ed europea in materia di protezione dei dati personali (per tale intendendosi il Regolamento UE 2016\/679 del Parlamento Europeo e del Consiglio del 27 aprile 2016 relativo alla protezione delle persone fisiche con riguardo al trattamento dei dati personali, nonch\u00e9 alla libera circolazione di tali dati (GDPR), il D.Lgs. n. 196\/2003, nonch\u00e9 qualsiasi altra normativa sulla protezione dei dati personali applicabile in Italia, ivi compresi i provvedimenti del Garante), di seguito per brevit\u00e0 anche \u201cNormativa Privacy\u201d. La presente ha valenza solo ed esclusivamente per il sito internet www.savinodelbene.com di cui la societ\u00e0 e\u0300 Titolare del Trattamento e non per altri siti consultati dall\u2019utente attraverso link eventualmente attivati nelle pagine del suddetto.   <\/p>\n<p> <\/p>\n<p><strong>TITOLARE DEL TRATTAMENTO DEI DATI<br><\/strong><\/p>\n<p>Di seguito il Titolare del trattamento dei dati verr\u00e0 denominato \u201cTitolare del Trattamento\u201d. A seguito della consultazione di questo sito possono essere trattati dati relativi a persone identificate o identificabili. Il Titolare del Trattamento dei dati \u00e8:  <\/p>\n<p><strong>Carlo Pavone<\/strong> Legale Rappresentante di <strong>Time Shipping S.r.l.c<br><\/strong>on sede in <strong>Via Caduti di Marcinelle 11, 20134 Milano MI<br><\/strong>Indirizzo PEC: <a href=\"mailto:amministrazione@pec.timeshipping.it\"><strong>amministrazione@pec.timeshipping.it<\/strong><\/a><br>Numero REA: MI -1661134<br>P.IVA e\/o Codice Fiscale <strong>03244820969<br><\/strong>Forma giuridica S.r.l. (Societ\u00e0 a Responsabilit\u00e0 Limitata) \u2013 Capitale Sociale: 10.000,00 Euro<\/p>\n<p> <\/p>\n<p><strong>LUOGO DI TRATTAMENTO DEI DATI<br><\/strong><\/p>\n<p>I dati legati alla navigazione del sito o volontariamente forniti dagli utenti ed i trattamenti connessi ai servizi erogati hanno luogo presso la sede, nei termini previsti dalla legge. I dati forniti dagli utenti sono trattati dal Titolare del Trattamentonel pieno rispetto del Codice di Legge vigente. <\/p>\n<p>Si specifica inoltre quanto segue:<\/p>\n<ul>\n<li>Time Shipping S.r.l. si impegna ad adottare tutte le misure adeguate a garantire la rettifica e\/o la cancellazione tempestiva dei dati inesatti rispetto alle finalit\u00e0 per cui sono trattati;<\/li>\n<li>I dati verranno conservati in una forma che consenta l\u2019identificazione dell\u2019interessato per un arco di tempo non superiore al conseguimento delle finalit\u00e0 per le quali sono trattati;<\/li>\n<li>I dati verranno trattati in maniera tale da garantire un\u2019adeguata sicurezza dei dati personali, compresa la protezione, mediante misure tecniche ed organizzative adeguate, da trattamenti non autorizzati o illeciti nonch\u00e9 dalla perdita, distruzione o danno accidentale.<\/li>\n<\/ul>\n<p> <\/p>\n<p><strong>UTILIZZO DEI DATI<\/strong><\/p>\n<p>Finalit\u00e0 della raccolta dei dati personali: sono raccolti e registrati esclusivamente i dati personali necessari alla finalit\u00e0 per la quale tali dati sono inviati liberamente dall\u2019utente, per la durata massima di 24 mesi. Il Titolare del Trattamento si impegna a non comunicare i dati dell\u2019utente a nessuna societ\u00e0 o persona, salvo approvazione diretta dell\u2019utente. <\/p>\n<p> <\/p>\n<p><strong>DATI DI NAVIGAZIONE<\/strong><\/p>\n<p>I sistemi informatici ed i componenti software impiegati per il corretto funzionamento di questo sito web acquisiscono, durante il loro normale esercizio, alcuni dati gi\u00e0 presenti nell\u2019uso dei protocolli di comunicazione di Internet. Tali informazioni non sono raccolte e registrate per essere associate a interessati identificati, ma per loro stessa natura potrebbero, attraverso particolari elaborazioni ed associazioni con dati detenuti da terzi, permettere di identificare gli utenti. Si tratta di informazioni quali nomi a dominio utilizzati per la connessione al sito da parte degli utenti e, comunque, esse sono utilizzate al solo fine di ricavare informazioni statistiche anonime sull\u2019uso del sito e per controllarne il corretto funzionamento.  <\/p>\n<p> <\/p>\n<p><strong>COOKIES E TAGS<br><\/strong><\/p>\n<p>Il presente sito utilizza dei comuni cookies come marcatore dell\u2019identit\u00e0 di un utente. La vita dei cookies \u00e8 limitata alla sessione di navigazione, ossia chiuso il Browser (Chrome, Edge, Mozilla Firefox, Safari o altri), il cookie cessa la sua attivit\u00e0. In alcuni casi vengono creati cookies che hanno un tempo massimo di vita di 2 anni, nello specifico questi registrato se siete arrivati sul nostro sito tramite il motore di ricerca Google e ha l\u2019espresso scopo di misurare l\u2019effetto delle campagne pubblicitarie sui Motori di Ricerca. I cookies del presente sito non costituiscono pericolo di acquisizione dati per il computer\/browser dell\u2019utente che li accetta. All\u2019interno del sito web alcune pagine sono sottoposte ad analisi statistica attraverso \u201cTAGS\u201d specifici del servizio <a href=\"https:\/\/it.wikipedia.org\/wiki\/Google_Analytics\" target=\"_blank\" rel=\"noopener\">Google Analytics<\/a>.    <\/p>\n<p> <\/p>\n<p><strong>DATI FORNITI VOLONTARIAMENTE DALL\u2019UTENTE<\/strong><\/p>\n<p>In seguito alla consultazione di questo sito possono essere trattati dati che consentono l\u2019identificazione degli interessati. L\u2019invio volontario ed esplicito di dati attraverso una mail diretta agli indirizzi e-mail con dominio \u201c<strong>@timeshipping.it<\/strong>\u201d o all\u2019indirizzo PEC: <a href=\"mailto:amministrazione@pectimeshipping.it\">amministrazione@pectimeshipping.it<\/a> comporta l\u2019acquisizione dell\u2019indirizzo e-mail del mittente e di altre informazioni quali: Nome, Cognome, Ragione sociale, indirizzo, telefono, fax. Anche l\u2019invio facoltativo, esplicito e volontario di posta elettronica agli indirizzi indicati su questo sito comporta la successiva acquisizione dell\u2019indirizzo del mittente, necessario per rispondere alle richieste, nonch\u00e9 degli eventuali altri dati personali inseriti nella missiva.  <\/p>\n<p> <\/p>\n<p><strong>MODALITA\u2019 DI TRATTAMENTO DEI DATI<br><\/strong><\/p>\n<p>I dati personali sono trattati con strumenti automatizzati per il tempo strettamente necessario a conseguire gli scopi per cui sono stati raccolti. Specifiche misure di sicurezza sono osservate per prevenire la perdita dei dati, usi illeciti o non corretti ed accessi non autorizzati e pi\u00f9 in generale per tutto ci\u00f2 che concerne il trattamento dei dati con tali strumenti. <\/p>\n<p> <\/p>\n<p><strong>FINALIT\u00c0 DEL TRATTAMENTO<br><\/strong><\/p>\n<p>I dati verranno trattati per le seguenti finalit\u00e0, in via manuale e\/o con il supporto di mezzi informatici o telematici, comunque idonei a garantire la sicurezza e la riservatezza dei dati stessi.<\/p>\n<p>A \u2013 I suoi dati personali sono trattati nel rispetto dell\u2019art.6 lett. b), e) GDPR senza il Suo consenso espresso per le seguenti finalit\u00e0 di servizio:<\/p>\n<ul>\n<li>concludere contratti per i servizi forniti dal Titolare del Trattamento;<\/li>\n<li>adempiere agli obblighi di natura precontrattuale, contrattuale e fiscale derivante da qualsivoglia rapporto in essere con Lei;<\/li>\n<li>adempiere agli obblighi previsti dalla legge, da un regolamento dalla normativa comunitaria, da un ordine dell\u2019Autorit\u00e0 o da qualsiasi atto avente forza o valore di legge;<\/li>\n<li>esercitare i diritti del Titolare del Trattamento, ad esempio quello di difesa in giudizio, per finalit\u00e0 relative alla gestione ed all\u2019amministrazione del Suo rapporto di lavoro con il Titolare del Trattamento.<\/li>\n<\/ul>\n<p> <\/p>\n<p>B \u2013 I suoi dati sono trattati nel rispetto dell\u2019art. 7 GDPR solo previo Suo specifico consenso, manifestato attraverso una distinta autorizzazione per le seguenti finalit\u00e0 di marketing: <\/p>\n<ul>\n<li>inviarle via e-mail, posta, sms e\/o contatti telefonici, newsletter, comunicazioni commerciali e\/o materiale pubblicitario su prodotti e servizi offerti da Time Shipping S.r.l e rilevazione del grado di soddisfazione sulla qualit\u00e0 dei servizi;<\/li>\n<\/ul>\n<p> <\/p>\n<p>In ogni caso le informazioni riguardanti l\u2019et\u00e0, il sesso o le origini etniche e culturali saranno usate esclusivamente al fine di permettere al Titolare del Trattamento di verificare il rispetto della legge e la sua migliore applicazione in termini di pari opportunit\u00e0, di non discriminazione e della corretta gestione delle risorse umane. Le segnaliamo che se \u00e8 gi\u00e0 nostro cliente potremo inviarLe comunicazioni commerciali relative a servizi e offerte commerciali di <strong>Time Shipping S.r.l.<\/strong> analoghi a quelli di cui ha gi\u00e0 usufruito, salvo suo dissenso. Il Titolare del Trattamento tratter\u00e0 i dati personali per il tempo necessario ad adempiere alle finalit\u00e0 di cui sopra e comunque non oltre 10 anni dalla cessazione del rapporto per le finalit\u00e0 del servizio o del rapporto stesso e non oltre 2 anni dalla raccolta dei dati per le finalit\u00e0 di marketing.  <\/p>\n<p> <\/p>\n<p><strong>INTERAZIONE CON SOCIAL NETWORK E PIATTAFORME ESTERNE<\/strong><\/p>\n<p>Questi servizi permettono di effettuare interazioni con i social network, o con altre piattaforme esterne, direttamente dalle pagine di questo sito web. Le interazioni e le informazioni acquisite da questo sito web sono in ogni caso soggette alle impostazioni privacy dell\u2019utente relative ad ogni social network. Nel caso in cui sia installato un servizio di interazione con i social network, \u00e8 possibile che, anche nel caso gli utenti non utilizzino il servizio, lo stesso raccolga dati di traffico relativi alle pagine in cui \u00e8 installato.  <\/p>\n<p> <\/p>\n<p><strong>COMUNICAZIONE E DIFFUSIONE DEI DATI<\/strong><\/p>\n<p>I dati personali forniti dagli utenti che inoltrano richieste di informazioni, segnalazioni, lamentele e di invio di materiale informativo sono utilizzati al solo fine di rispondere alla richiesta ricevuta e sono comunicati a terzi nel caso in cui ci\u00f2 sia necessario a tale scopo, o per adempiere ad obblighi di legge. Al di l\u00e0 di tali casi, i dati non saranno comunicati n\u00e9 diffusi a nessun altro soggetto, salvo consenso esplicito dell\u2019utente. <\/p>\n<p> <\/p>\n<p><strong>LINK AD ALTRI SITI<\/strong><\/p>\n<p>Time Shipping S.r.l. pu\u00f2 fornire sul proprio sito web <strong>www.timeshipping.it<\/strong> alcuni link a siti web di terzi. Dal momento che la Societ\u00e0 non controlla tali siti web, si consiglia agli utenti di esaminare le informative sulla privacy in essi inserite. Tali siti esterni, i cui collegamenti sono presenti nel nostro sito, vanno al di l\u00e0 della responsabilit\u00e0 del Titolare del Trattamento.  <\/p>\n<p> <\/p>\n<p><strong>DIRITTI DEGLI INTERESSATI<\/strong><\/p>\n<p>I soggetti cui si riferiscono i dati personali hanno il diritto in qualunque momento di ottenere la conferma dell\u2019esistenza o meno dei medesimi dati e di conoscerne il contenuto e l\u2019origine, verificarne l\u2019esattezza o chiederne l\u2019integrazione o l\u2019aggiornamento, oppure la rettificazione (artt. 15 e seguenti Regolamento UE 2016\/679). Si ha il diritto di chiedere la cancellazione, la trasformazione in forma anonima o il blocco dei dati trattati in violazione di legge, nonch\u00e9 di opporsi in ogni caso, per motivi legittimi, al loro trattamento; infine si ha diritto di chiedere di essere informato dell\u2019esistenza di garanzie adeguate ai sensi dell\u2019art. 46 del Regolamento (UE) 2016\/679 in caso di dati personali trasferiti a un paese terzo o ad un\u2019organizzazione internazionale, chiedere la cancellazione ove possibile, chiedere la limitazione del trattamento, chiedere la portabilit\u00e0 dei dati.  <\/p>\n<p>Le richieste sopra menzionate vanno rivolte al Titolare del Trattamentoe Legale Rappresentate<\/p>\n<p><strong>Sig. Carlo Pavone<\/strong>, <strong>Via Caduti di Marcinelle 11, 20134 Milano MI<br><\/strong>Indirizzo PEC: <a href=\"mailto:amministrazione@pec.timeshipping.it\"><strong>amministrazione@pec.timeshipping.it<\/strong><\/a><\/p>\n<p>o in alternativa, nel caso in cui l\u2019utente o l\u2019azienda interessata non disponga di una casella di posta elettronica certificata di tipo PEC, tale comunicazione potr\u00e0 essere inviata tramite e-mail al Legale Rappresentante alla e-mail <strong><a href=\"mailto:info@timeshipping.it\" target=\"_blank\" rel=\"noopener\">info@timeshipping.it<\/a><\/strong><\/p>\t\t\t\t\t\t\t\t<\/div>\n\t\t\t\t<\/div>\n\t\t\t\t\t<\/div>\n\t\t\t\t<\/div>\n\t\t\t\t<\/div>\n\t\t","protected":false},"excerpt":{"rendered":"<p>PRIVACY POLICY E INFORMAZIONI LEGALI In questa pagina vengono descritte le modalit\u00e0 di trattamento dei dati personali degli utenti che consultano il sito Time Shipping S.r.l. che risponde all\u2019URL www.timeshipping.it La presente privacy policy \u00e8 conforme a quanto stabilito dalla normativa nazionale ed europea in materia di protezione dei dati personali (per tale intendendosi il [&hellip;]<\/p>\n","protected":false},"author":5,"featured_media":2438,"parent":0,"menu_order":0,"comment_status":"closed","ping_status":"closed","template":"","meta":{"footnotes":""},"class_list":["post-2262","page","type-page","status-publish","has-post-thumbnail","hentry"],"yoast_head":"<!-- This site is optimized with the Yoast SEO plugin v27.3 - https:\/\/yoast.com\/product\/yoast-seo-wordpress\/ -->\n<title>Privacy Policy - Time Shipping \u0406 Spedizioni Internazionali Merci e Veicoli<\/title>\n<meta name=\"robots\" content=\"index, follow, max-snippet:-1, max-image-preview:large, max-video-preview:-1\" \/>\n<link rel=\"canonical\" href=\"https:\/\/timeshipping.it\/en\/privacy-policy\/\" \/>\n<meta property=\"og:locale\" content=\"en_US\" \/>\n<meta property=\"og:type\" content=\"article\" \/>\n<meta property=\"og:title\" content=\"Privacy Policy - Time Shipping \u0406 Spedizioni Internazionali Merci e Veicoli\" \/>\n<meta property=\"og:description\" content=\"PRIVACY POLICY E INFORMAZIONI LEGALI In questa pagina vengono descritte le modalit\u00e0 di trattamento dei dati personali degli utenti che consultano il sito Time Shipping S.r.l. che risponde all\u2019URL www.timeshipping.it La presente privacy policy \u00e8 conforme a quanto stabilito dalla normativa nazionale ed europea in materia di protezione dei dati personali (per tale intendendosi il [&hellip;]\" \/>\n<meta property=\"og:url\" content=\"https:\/\/timeshipping.it\/en\/privacy-policy\/\" \/>\n<meta property=\"og:site_name\" content=\"Time Shipping \u0406 Spedizioni Internazionali Merci e Veicoli\" \/>\n<meta property=\"article:modified_time\" content=\"2025-02-05T16:08:51+00:00\" \/>\n<meta name=\"twitter:card\" content=\"summary_large_image\" \/>\n<meta name=\"twitter:label1\" content=\"Est. reading time\" \/>\n\t<meta name=\"twitter:data1\" content=\"8 minutes\" \/>\n<script type=\"application\/ld+json\" class=\"yoast-schema-graph\">{\"@context\":\"https:\\\/\\\/schema.org\",\"@graph\":[{\"@type\":\"WebPage\",\"@id\":\"https:\\\/\\\/timeshipping.it\\\/en\\\/privacy-policy\\\/\",\"url\":\"https:\\\/\\\/timeshipping.it\\\/en\\\/privacy-policy\\\/\",\"name\":\"Privacy Policy - Time Shipping \u0406 Spedizioni Internazionali Merci e Veicoli\",\"isPartOf\":{\"@id\":\"https:\\\/\\\/timeshipping.it\\\/#website\"},\"primaryImageOfPage\":{\"@id\":\"https:\\\/\\\/timeshipping.it\\\/en\\\/privacy-policy\\\/#primaryimage\"},\"image\":{\"@id\":\"https:\\\/\\\/timeshipping.it\\\/en\\\/privacy-policy\\\/#primaryimage\"},\"thumbnailUrl\":\"https:\\\/\\\/timeshipping.it\\\/wp-content\\\/uploads\\\/favicon-512x512-1.png\",\"datePublished\":\"2024-07-22T06:09:23+00:00\",\"dateModified\":\"2025-02-05T16:08:51+00:00\",\"breadcrumb\":{\"@id\":\"https:\\\/\\\/timeshipping.it\\\/en\\\/privacy-policy\\\/#breadcrumb\"},\"inLanguage\":\"en-US\",\"potentialAction\":[{\"@type\":\"ReadAction\",\"target\":[\"https:\\\/\\\/timeshipping.it\\\/en\\\/privacy-policy\\\/\"]}]},{\"@type\":\"ImageObject\",\"inLanguage\":\"en-US\",\"@id\":\"https:\\\/\\\/timeshipping.it\\\/en\\\/privacy-policy\\\/#primaryimage\",\"url\":\"https:\\\/\\\/timeshipping.it\\\/wp-content\\\/uploads\\\/favicon-512x512-1.png\",\"contentUrl\":\"https:\\\/\\\/timeshipping.it\\\/wp-content\\\/uploads\\\/favicon-512x512-1.png\",\"width\":512,\"height\":512,\"caption\":\"Time Shipping\"},{\"@type\":\"BreadcrumbList\",\"@id\":\"https:\\\/\\\/timeshipping.it\\\/en\\\/privacy-policy\\\/#breadcrumb\",\"itemListElement\":[{\"@type\":\"ListItem\",\"position\":1,\"name\":\"Home\",\"item\":\"https:\\\/\\\/timeshipping.it\\\/en\\\/time-shipping\\\/\"},{\"@type\":\"ListItem\",\"position\":2,\"name\":\"Privacy Policy\"}]},{\"@type\":\"WebSite\",\"@id\":\"https:\\\/\\\/timeshipping.it\\\/#website\",\"url\":\"https:\\\/\\\/timeshipping.it\\\/\",\"name\":\"Time Shipping \u0406 Spedizioni Internazionali Merci e Veicoli\",\"description\":\"The International Freight Forwarding Company\",\"potentialAction\":[{\"@type\":\"SearchAction\",\"target\":{\"@type\":\"EntryPoint\",\"urlTemplate\":\"https:\\\/\\\/timeshipping.it\\\/?s={search_term_string}\"},\"query-input\":{\"@type\":\"PropertyValueSpecification\",\"valueRequired\":true,\"valueName\":\"search_term_string\"}}],\"inLanguage\":\"en-US\"}]}<\/script>\n<!-- \/ Yoast SEO plugin. -->","yoast_head_json":{"title":"Privacy Policy - Time Shipping \u0406 Spedizioni Internazionali Merci e Veicoli","robots":{"index":"index","follow":"follow","max-snippet":"max-snippet:-1","max-image-preview":"max-image-preview:large","max-video-preview":"max-video-preview:-1"},"canonical":"https:\/\/timeshipping.it\/en\/privacy-policy\/","og_locale":"en_US","og_type":"article","og_title":"Privacy Policy - Time Shipping \u0406 Spedizioni Internazionali Merci e Veicoli","og_description":"PRIVACY POLICY E INFORMAZIONI LEGALI In questa pagina vengono descritte le modalit\u00e0 di trattamento dei dati personali degli utenti che consultano il sito Time Shipping S.r.l. che risponde all\u2019URL www.timeshipping.it La presente privacy policy \u00e8 conforme a quanto stabilito dalla normativa nazionale ed europea in materia di protezione dei dati personali (per tale intendendosi il [&hellip;]","og_url":"https:\/\/timeshipping.it\/en\/privacy-policy\/","og_site_name":"Time Shipping \u0406 Spedizioni Internazionali Merci e Veicoli","article_modified_time":"2025-02-05T16:08:51+00:00","twitter_card":"summary_large_image","twitter_misc":{"Est. reading time":"8 minutes"},"schema":{"@context":"https:\/\/schema.org","@graph":[{"@type":"WebPage","@id":"https:\/\/timeshipping.it\/en\/privacy-policy\/","url":"https:\/\/timeshipping.it\/en\/privacy-policy\/","name":"Privacy Policy - Time Shipping \u0406 Spedizioni Internazionali Merci e Veicoli","isPartOf":{"@id":"https:\/\/timeshipping.it\/#website"},"primaryImageOfPage":{"@id":"https:\/\/timeshipping.it\/en\/privacy-policy\/#primaryimage"},"image":{"@id":"https:\/\/timeshipping.it\/en\/privacy-policy\/#primaryimage"},"thumbnailUrl":"https:\/\/timeshipping.it\/wp-content\/uploads\/favicon-512x512-1.png","datePublished":"2024-07-22T06:09:23+00:00","dateModified":"2025-02-05T16:08:51+00:00","breadcrumb":{"@id":"https:\/\/timeshipping.it\/en\/privacy-policy\/#breadcrumb"},"inLanguage":"en-US","potentialAction":[{"@type":"ReadAction","target":["https:\/\/timeshipping.it\/en\/privacy-policy\/"]}]},{"@type":"ImageObject","inLanguage":"en-US","@id":"https:\/\/timeshipping.it\/en\/privacy-policy\/#primaryimage","url":"https:\/\/timeshipping.it\/wp-content\/uploads\/favicon-512x512-1.png","contentUrl":"https:\/\/timeshipping.it\/wp-content\/uploads\/favicon-512x512-1.png","width":512,"height":512,"caption":"Time Shipping"},{"@type":"BreadcrumbList","@id":"https:\/\/timeshipping.it\/en\/privacy-policy\/#breadcrumb","itemListElement":[{"@type":"ListItem","position":1,"name":"Home","item":"https:\/\/timeshipping.it\/en\/time-shipping\/"},{"@type":"ListItem","position":2,"name":"Privacy Policy"}]},{"@type":"WebSite","@id":"https:\/\/timeshipping.it\/#website","url":"https:\/\/timeshipping.it\/","name":"Time Shipping \u0406 Spedizioni Internazionali Merci e Veicoli","description":"The International Freight Forwarding Company","potentialAction":[{"@type":"SearchAction","target":{"@type":"EntryPoint","urlTemplate":"https:\/\/timeshipping.it\/?s={search_term_string}"},"query-input":{"@type":"PropertyValueSpecification","valueRequired":true,"valueName":"search_term_string"}}],"inLanguage":"en-US"}]}},"_links":{"self":[{"href":"https:\/\/timeshipping.it\/en\/wp-json\/wp\/v2\/pages\/2262","targetHints":{"allow":["GET"]}}],"collection":[{"href":"https:\/\/timeshipping.it\/en\/wp-json\/wp\/v2\/pages"}],"about":[{"href":"https:\/\/timeshipping.it\/en\/wp-json\/wp\/v2\/types\/page"}],"author":[{"embeddable":true,"href":"https:\/\/timeshipping.it\/en\/wp-json\/wp\/v2\/users\/5"}],"replies":[{"embeddable":true,"href":"https:\/\/timeshipping.it\/en\/wp-json\/wp\/v2\/comments?post=2262"}],"version-history":[{"count":1,"href":"https:\/\/timeshipping.it\/en\/wp-json\/wp\/v2\/pages\/2262\/revisions"}],"predecessor-version":[{"id":2263,"href":"https:\/\/timeshipping.it\/en\/wp-json\/wp\/v2\/pages\/2262\/revisions\/2263"}],"wp:featuredmedia":[{"embeddable":true,"href":"https:\/\/timeshipping.it\/en\/wp-json\/wp\/v2\/media\/2438"}],"wp:attachment":[{"href":"https:\/\/timeshipping.it\/en\/wp-json\/wp\/v2\/media?parent=2262"}],"curies":[{"name":"wp","href":"https:\/\/api.w.org\/{rel}","templated":true}]}}